{"id":101,"date":"2025-04-15T10:34:31","date_gmt":"2025-04-15T08:34:31","guid":{"rendered":"https:\/\/lorcanerds.tabascoeye.de\/?page_id=101"},"modified":"2026-03-26T19:32:25","modified_gmt":"2026-03-26T18:32:25","slug":"turnier-der-lieblingsfilme","status":"publish","type":"page","link":"https:\/\/lorcanerds.raumzeitlabor.de\/?page_id=101","title":{"rendered":"Turnier der Lieblingsfilme"},"content":{"rendered":"<figure class=\"alignfull wp-block-post-featured-image\"><img loading=\"lazy\" decoding=\"async\" width=\"2560\" height=\"1186\" src=\"https:\/\/lorcanerds.raumzeitlabor.de\/wp-content\/uploads\/2025\/04\/PXL_20241124_111552358.MP_-scaled-e1774549929633.jpg\" class=\"attachment-post-thumbnail size-post-thumbnail wp-post-image\" alt=\"\" style=\"object-fit:cover;\" srcset=\"https:\/\/lorcanerds.raumzeitlabor.de\/wp-content\/uploads\/2025\/04\/PXL_20241124_111552358.MP_-scaled-e1774549929633.jpg 2560w, https:\/\/lorcanerds.raumzeitlabor.de\/wp-content\/uploads\/2025\/04\/PXL_20241124_111552358.MP_-scaled-e1774549929633-300x139.jpg 300w, https:\/\/lorcanerds.raumzeitlabor.de\/wp-content\/uploads\/2025\/04\/PXL_20241124_111552358.MP_-scaled-e1774549929633-1024x474.jpg 1024w, https:\/\/lorcanerds.raumzeitlabor.de\/wp-content\/uploads\/2025\/04\/PXL_20241124_111552358.MP_-scaled-e1774549929633-768x356.jpg 768w, https:\/\/lorcanerds.raumzeitlabor.de\/wp-content\/uploads\/2025\/04\/PXL_20241124_111552358.MP_-scaled-e1774549929633-1536x712.jpg 1536w, https:\/\/lorcanerds.raumzeitlabor.de\/wp-content\/uploads\/2025\/04\/PXL_20241124_111552358.MP_-scaled-e1774549929633-2048x949.jpg 2048w\" sizes=\"auto, (max-width: 2560px) 100vw, 2560px\" \/><\/figure>\n\n\n<p>Am 24. November 2024 stieg bereits das dritte Lorcana Turnier im RaumZeitLabor e.V. Auch an diesem Tag sollte der Spa\u00df am Kartenspiel an erster Stelle stehen!<br>Wie auch beim vergangenen Themed Turnier, sollte dieses Turnier den Casual Ansatz von Lorcana in den Vordergrund r\u00fccken und die M\u00f6glichkeit bieten, jene Charaktere zu spielen, die einem pers\u00f6nlich etwas bedeuten.<\/p>\n\n\n\n<p>Dieses Mal wollten wir euren und unseren Lieblingsfilme eine B\u00fchne geben. Egal ob du &#8220;Frozen&#8221; \u00fcber alles liebst oder doch &#8220;Der K\u00f6nig der L\u00f6wen&#8221; dein unangefochtener Lieblingsfilm ist \u2013 in diesem Turnier konntest du dir genau zu diesen Filmen ein Deck bauen.<\/p>\n\n\n\n<h3 class=\"wp-block-heading\">Turnier-Regeln<\/h3>\n\n\n\n<p>Das Turnier wurde \u00fcber <strong>melee.gg<\/strong> getrackt.<br>Gespielt wurde das Turnier im BO3-Schweizer System \u00fcber 5 Runden.<br>Der Vorverkauf der Tickets erfolgte \u00fcber PreTix.<\/p>\n\n\n\n<h3 class=\"wp-block-heading\">Spezielle Deckbauregeln<\/h3>\n\n\n\n<ul class=\"wp-block-list\">\n<li>Ein Deck durfte nur aus Karten eines Films bestehen. Dies galt auch f\u00fcr Aktionen, Orte. Gegenst\u00e4nde und Songs<\/li>\n\n\n\n<li>Ein Deck musste aus mindestens 60 Karten bestehen.<\/li>\n\n\n\n<li>Jedes Deck hatte eine Hauptfarbe. Aktionen, Lieder, Gegenst\u00e4nde und Orte durften nur von dieser Farbe gespielt werden.<\/li>\n\n\n\n<li>Alle anderen Farben waren erlaubt und es durften auch mehrere Farben gemischt werden.<\/li>\n\n\n\n<li>Decks durften mit so vielen Tintenfarben gespielt werden wie gew\u00fcnscht.<\/li>\n\n\n\n<li>Vor Turnierbeginn musste eine Deckliste abgegeben werden. Entweder als Online Link oder in ausgedruckter Form.<\/li>\n\n\n\n<li>Karten aus &#8220;Ursulas R\u00fcckkehr &#8211; Die Luminari Chroniken: Gefahr aus der Tiefe&#8221; waren nicht zugelassen.<\/li>\n<\/ul>\n\n\n\n<h3 class=\"wp-block-heading\">Verpflegung<\/h3>\n\n\n\n<p>Buffet \u00e0 la Beauty and the B(F)east:<\/p>\n\n\n\n<ul class=\"wp-block-list\">\n<li>Chef Bouches Bourguignon (veganer Eintopf mit Pilzen und Maronen)<\/li>\n\n\n\n<li>Gains wie Gaston (\u0152ufs farcis)<\/li>\n\n\n\n<li>Verzauberte Apfelrosen-T\u00f6rtchen (Apfelscheiben gerollt in veganem Bl\u00e4tterteig)<\/li>\n\n\n\n<li> Fifis Plateau de Fromage (Eine Auswahl an K\u00e4sen, Sandwiches und anderen Knabbereien)<\/li>\n\n\n\n<li>Belles B\u00fccherw\u00fcrmer (Fruchtgummi-W\u00fcrmer, auch in vegan)<\/li>\n\n\n\n<li>Lumi\u00e8res Leuchter (Marshmallow-Jellybeans-Spie\u00dfe)<\/li>\n\n\n\n<li>Tassilos Tartelettes mit Frischk\u00e4sehaube<\/li>\n\n\n\n<li>Tassilos Popcorn (vegan)<\/li>\n\n\n\n<li>Madame Pottines Eistee mit Orangen-Zimt-Geschmack(vegan)<\/li>\n<\/ul>\n\n\n\n<h3 class=\"wp-block-heading\">Preispool<\/h3>\n\n\n\n<h5 class=\"wp-block-heading\">1. Platz: DIY Lampe mit Lorcana Logo + Disney Lorcana Golden Mickey Pin<\/h5>\n\n\n\n<figure class=\"wp-block-gallery has-nested-images columns-default is-cropped wp-block-gallery-1 is-layout-flex wp-block-gallery-is-layout-flex\">\n<figure class=\"wp-block-image size-large\"><img loading=\"lazy\" decoding=\"async\" width=\"1024\" height=\"897\" data-id=\"167\" src=\"https:\/\/lorcanerds.raumzeitlabor.de\/wp-content\/uploads\/2025\/04\/Lorcana_Lampe-1024x897.jpeg\" alt=\"\" class=\"wp-image-167\" srcset=\"https:\/\/lorcanerds.raumzeitlabor.de\/wp-content\/uploads\/2025\/04\/Lorcana_Lampe-1024x897.jpeg 1024w, https:\/\/lorcanerds.raumzeitlabor.de\/wp-content\/uploads\/2025\/04\/Lorcana_Lampe-300x263.jpeg 300w, https:\/\/lorcanerds.raumzeitlabor.de\/wp-content\/uploads\/2025\/04\/Lorcana_Lampe-768x673.jpeg 768w, https:\/\/lorcanerds.raumzeitlabor.de\/wp-content\/uploads\/2025\/04\/Lorcana_Lampe-1536x1346.jpeg 1536w, https:\/\/lorcanerds.raumzeitlabor.de\/wp-content\/uploads\/2025\/04\/Lorcana_Lampe.jpeg 1600w\" sizes=\"auto, (max-width: 1024px) 100vw, 1024px\" \/><\/figure>\n\n\n\n<figure class=\"wp-block-image size-large\"><img loading=\"lazy\" decoding=\"async\" width=\"300\" height=\"300\" data-id=\"132\" src=\"https:\/\/lorcanerds.raumzeitlabor.de\/wp-content\/uploads\/2025\/04\/786599.png\" alt=\"\" class=\"wp-image-132\" srcset=\"https:\/\/lorcanerds.raumzeitlabor.de\/wp-content\/uploads\/2025\/04\/786599.png 300w, https:\/\/lorcanerds.raumzeitlabor.de\/wp-content\/uploads\/2025\/04\/786599-150x150.png 150w\" sizes=\"auto, (max-width: 300px) 100vw, 300px\" \/><\/figure>\n<\/figure>\n\n\n\n<h5 class=\"wp-block-heading\">Preis f\u00fcr alle Teilnehmer*innen: 1x glitzerndes Lorcana-Weihnachtsbaum-Ornament + 1x Promo-Karte<\/h5>\n\n\n\n<figure class=\"wp-block-gallery has-nested-images columns-default is-cropped wp-block-gallery-2 is-layout-flex wp-block-gallery-is-layout-flex\">\n<figure class=\"wp-block-image size-large\"><img loading=\"lazy\" decoding=\"async\" width=\"1024\" height=\"576\" data-id=\"164\" src=\"https:\/\/lorcanerds.raumzeitlabor.de\/wp-content\/uploads\/2025\/04\/PXL_20241204_205011154.MP_-1-1024x576.jpg\" alt=\"\" class=\"wp-image-164\" srcset=\"https:\/\/lorcanerds.raumzeitlabor.de\/wp-content\/uploads\/2025\/04\/PXL_20241204_205011154.MP_-1-1024x576.jpg 1024w, https:\/\/lorcanerds.raumzeitlabor.de\/wp-content\/uploads\/2025\/04\/PXL_20241204_205011154.MP_-1-300x169.jpg 300w, https:\/\/lorcanerds.raumzeitlabor.de\/wp-content\/uploads\/2025\/04\/PXL_20241204_205011154.MP_-1-768x432.jpg 768w, https:\/\/lorcanerds.raumzeitlabor.de\/wp-content\/uploads\/2025\/04\/PXL_20241204_205011154.MP_-1-1536x864.jpg 1536w, https:\/\/lorcanerds.raumzeitlabor.de\/wp-content\/uploads\/2025\/04\/PXL_20241204_205011154.MP_-1-2048x1152.jpg 2048w\" sizes=\"auto, (max-width: 1024px) 100vw, 1024px\" \/><\/figure>\n<\/figure>\n\n\n\n<h5 class=\"wp-block-heading\">Trostpreis f\u00fcr den letzten Platz: &#8220;Wreck-It Ralph-Pl\u00fcschfigur&#8221;<\/h5>\n\n\n\n<h3 class=\"wp-block-heading\">Meta-Breakdown<\/h3>\n\n\n\n<p>tbd.<\/p>\n\n\n\n<h3 class=\"wp-block-heading\">R\u00fcckblick in Bildern<\/h3>\n\n\n\n<figure class=\"wp-block-image size-large\"><img loading=\"lazy\" decoding=\"async\" width=\"1024\" height=\"576\" src=\"https:\/\/lorcanerds.raumzeitlabor.de\/wp-content\/uploads\/2025\/04\/PXL_20241124_153327560.MP_-1024x576.jpg\" alt=\"\" class=\"wp-image-165\" srcset=\"https:\/\/lorcanerds.raumzeitlabor.de\/wp-content\/uploads\/2025\/04\/PXL_20241124_153327560.MP_-1024x576.jpg 1024w, https:\/\/lorcanerds.raumzeitlabor.de\/wp-content\/uploads\/2025\/04\/PXL_20241124_153327560.MP_-300x169.jpg 300w, https:\/\/lorcanerds.raumzeitlabor.de\/wp-content\/uploads\/2025\/04\/PXL_20241124_153327560.MP_-768x432.jpg 768w, https:\/\/lorcanerds.raumzeitlabor.de\/wp-content\/uploads\/2025\/04\/PXL_20241124_153327560.MP_-1536x864.jpg 1536w, https:\/\/lorcanerds.raumzeitlabor.de\/wp-content\/uploads\/2025\/04\/PXL_20241124_153327560.MP_-2048x1152.jpg 2048w\" sizes=\"auto, (max-width: 1024px) 100vw, 1024px\" \/><\/figure>\n\n\n\n<figure class=\"wp-block-gallery has-nested-images columns-default is-cropped wp-block-gallery-3 is-layout-flex wp-block-gallery-is-layout-flex\">\n<figure class=\"wp-block-image size-large\"><img loading=\"lazy\" decoding=\"async\" width=\"576\" height=\"1024\" data-id=\"163\" src=\"https:\/\/lorcanerds.raumzeitlabor.de\/wp-content\/uploads\/2025\/04\/PXL_20241124_124636100.MP_-576x1024.jpg\" alt=\"\" class=\"wp-image-163\" srcset=\"https:\/\/lorcanerds.raumzeitlabor.de\/wp-content\/uploads\/2025\/04\/PXL_20241124_124636100.MP_-576x1024.jpg 576w, https:\/\/lorcanerds.raumzeitlabor.de\/wp-content\/uploads\/2025\/04\/PXL_20241124_124636100.MP_-169x300.jpg 169w, https:\/\/lorcanerds.raumzeitlabor.de\/wp-content\/uploads\/2025\/04\/PXL_20241124_124636100.MP_-768x1365.jpg 768w, https:\/\/lorcanerds.raumzeitlabor.de\/wp-content\/uploads\/2025\/04\/PXL_20241124_124636100.MP_-864x1536.jpg 864w, https:\/\/lorcanerds.raumzeitlabor.de\/wp-content\/uploads\/2025\/04\/PXL_20241124_124636100.MP_-1152x2048.jpg 1152w, https:\/\/lorcanerds.raumzeitlabor.de\/wp-content\/uploads\/2025\/04\/PXL_20241124_124636100.MP_-scaled.jpg 1440w\" sizes=\"auto, (max-width: 576px) 100vw, 576px\" \/><\/figure>\n\n\n\n<figure class=\"wp-block-image size-large\"><img loading=\"lazy\" decoding=\"async\" width=\"771\" height=\"1024\" data-id=\"157\" src=\"https:\/\/lorcanerds.raumzeitlabor.de\/wp-content\/uploads\/2025\/04\/PXL_20241124_120650945-771x1024.jpg\" alt=\"\" class=\"wp-image-157\" srcset=\"https:\/\/lorcanerds.raumzeitlabor.de\/wp-content\/uploads\/2025\/04\/PXL_20241124_120650945-771x1024.jpg 771w, https:\/\/lorcanerds.raumzeitlabor.de\/wp-content\/uploads\/2025\/04\/PXL_20241124_120650945-226x300.jpg 226w, https:\/\/lorcanerds.raumzeitlabor.de\/wp-content\/uploads\/2025\/04\/PXL_20241124_120650945-768x1020.jpg 768w, https:\/\/lorcanerds.raumzeitlabor.de\/wp-content\/uploads\/2025\/04\/PXL_20241124_120650945-1157x1536.jpg 1157w, https:\/\/lorcanerds.raumzeitlabor.de\/wp-content\/uploads\/2025\/04\/PXL_20241124_120650945-1542x2048.jpg 1542w, https:\/\/lorcanerds.raumzeitlabor.de\/wp-content\/uploads\/2025\/04\/PXL_20241124_120650945-scaled.jpg 1928w\" sizes=\"auto, (max-width: 771px) 100vw, 771px\" \/><\/figure>\n\n\n\n<figure class=\"wp-block-image size-large\"><img loading=\"lazy\" decoding=\"async\" width=\"1024\" height=\"576\" data-id=\"156\" src=\"https:\/\/lorcanerds.raumzeitlabor.de\/wp-content\/uploads\/2025\/04\/PXL_20241124_114041625-1024x576.jpg\" alt=\"\" class=\"wp-image-156\" srcset=\"https:\/\/lorcanerds.raumzeitlabor.de\/wp-content\/uploads\/2025\/04\/PXL_20241124_114041625-1024x576.jpg 1024w, https:\/\/lorcanerds.raumzeitlabor.de\/wp-content\/uploads\/2025\/04\/PXL_20241124_114041625-300x169.jpg 300w, https:\/\/lorcanerds.raumzeitlabor.de\/wp-content\/uploads\/2025\/04\/PXL_20241124_114041625-768x432.jpg 768w, https:\/\/lorcanerds.raumzeitlabor.de\/wp-content\/uploads\/2025\/04\/PXL_20241124_114041625-1536x864.jpg 1536w, https:\/\/lorcanerds.raumzeitlabor.de\/wp-content\/uploads\/2025\/04\/PXL_20241124_114041625-2048x1152.jpg 2048w\" sizes=\"auto, (max-width: 1024px) 100vw, 1024px\" \/><\/figure>\n\n\n\n<figure class=\"wp-block-image size-large\"><img loading=\"lazy\" decoding=\"async\" width=\"576\" height=\"1024\" data-id=\"160\" src=\"https:\/\/lorcanerds.raumzeitlabor.de\/wp-content\/uploads\/2025\/04\/PXL_20241124_112139918.MP_-576x1024.jpg\" alt=\"\" class=\"wp-image-160\" srcset=\"https:\/\/lorcanerds.raumzeitlabor.de\/wp-content\/uploads\/2025\/04\/PXL_20241124_112139918.MP_-576x1024.jpg 576w, https:\/\/lorcanerds.raumzeitlabor.de\/wp-content\/uploads\/2025\/04\/PXL_20241124_112139918.MP_-169x300.jpg 169w, https:\/\/lorcanerds.raumzeitlabor.de\/wp-content\/uploads\/2025\/04\/PXL_20241124_112139918.MP_-768x1365.jpg 768w, https:\/\/lorcanerds.raumzeitlabor.de\/wp-content\/uploads\/2025\/04\/PXL_20241124_112139918.MP_-864x1536.jpg 864w, https:\/\/lorcanerds.raumzeitlabor.de\/wp-content\/uploads\/2025\/04\/PXL_20241124_112139918.MP_-1152x2048.jpg 1152w, https:\/\/lorcanerds.raumzeitlabor.de\/wp-content\/uploads\/2025\/04\/PXL_20241124_112139918.MP_-scaled.jpg 1440w\" sizes=\"auto, (max-width: 576px) 100vw, 576px\" \/><\/figure>\n\n\n\n<figure class=\"wp-block-image size-large\"><img loading=\"lazy\" decoding=\"async\" width=\"576\" height=\"1024\" data-id=\"161\" src=\"https:\/\/lorcanerds.raumzeitlabor.de\/wp-content\/uploads\/2025\/04\/PXL_20241121_191007599.MP_-576x1024.jpg\" alt=\"\" class=\"wp-image-161\" srcset=\"https:\/\/lorcanerds.raumzeitlabor.de\/wp-content\/uploads\/2025\/04\/PXL_20241121_191007599.MP_-576x1024.jpg 576w, https:\/\/lorcanerds.raumzeitlabor.de\/wp-content\/uploads\/2025\/04\/PXL_20241121_191007599.MP_-169x300.jpg 169w, https:\/\/lorcanerds.raumzeitlabor.de\/wp-content\/uploads\/2025\/04\/PXL_20241121_191007599.MP_-768x1365.jpg 768w, https:\/\/lorcanerds.raumzeitlabor.de\/wp-content\/uploads\/2025\/04\/PXL_20241121_191007599.MP_-864x1536.jpg 864w, https:\/\/lorcanerds.raumzeitlabor.de\/wp-content\/uploads\/2025\/04\/PXL_20241121_191007599.MP_-1152x2048.jpg 1152w, https:\/\/lorcanerds.raumzeitlabor.de\/wp-content\/uploads\/2025\/04\/PXL_20241121_191007599.MP_-scaled.jpg 1440w\" sizes=\"auto, (max-width: 576px) 100vw, 576px\" \/><\/figure>\n<\/figure>\n\n\n\n<figure class=\"wp-block-image size-large\"><img loading=\"lazy\" decoding=\"async\" width=\"2560\" height=\"1927\" src=\"https:\/\/lorcanerds.raumzeitlabor.de\/wp-content\/uploads\/2025\/04\/PXL_20241121_184036041-edited-1-scaled.jpg\" alt=\"\" class=\"wp-image-170\" srcset=\"https:\/\/lorcanerds.raumzeitlabor.de\/wp-content\/uploads\/2025\/04\/PXL_20241121_184036041-edited-1-scaled.jpg 2560w, https:\/\/lorcanerds.raumzeitlabor.de\/wp-content\/uploads\/2025\/04\/PXL_20241121_184036041-edited-1-300x226.jpg 300w, https:\/\/lorcanerds.raumzeitlabor.de\/wp-content\/uploads\/2025\/04\/PXL_20241121_184036041-edited-1-1024x771.jpg 1024w, https:\/\/lorcanerds.raumzeitlabor.de\/wp-content\/uploads\/2025\/04\/PXL_20241121_184036041-edited-1-768x578.jpg 768w, https:\/\/lorcanerds.raumzeitlabor.de\/wp-content\/uploads\/2025\/04\/PXL_20241121_184036041-edited-1-1536x1156.jpg 1536w, https:\/\/lorcanerds.raumzeitlabor.de\/wp-content\/uploads\/2025\/04\/PXL_20241121_184036041-edited-1-2048x1542.jpg 2048w\" sizes=\"auto, (max-width: 2560px) 100vw, 2560px\" \/><\/figure>\n\n\n\n<p><\/p>\n","protected":false},"excerpt":{"rendered":"<p>Am 24. November 2024 stieg bereits das dritte Lorcana Turnier im RaumZeitLabor e.V. Auch an diesem Tag sollte der Spa\u00df am Kartenspiel an erster Stelle stehen!Wie auch beim vergangenen Themed Turnier, sollte dieses Turnier den Casual Ansatz von Lorcana in den Vordergrund r\u00fccken und die M\u00f6glichkeit bieten, jene Charaktere zu spielen, die einem pers\u00f6nlich etwas [&hellip;]<\/p>\n","protected":false},"author":2,"featured_media":151,"parent":49,"menu_order":0,"comment_status":"closed","ping_status":"closed","template":"","meta":{"inline_featured_image":false,"footnotes":""},"class_list":["post-101","page","type-page","status-publish","has-post-thumbnail","hentry"],"_links":{"self":[{"href":"https:\/\/lorcanerds.raumzeitlabor.de\/index.php?rest_route=\/wp\/v2\/pages\/101","targetHints":{"allow":["GET"]}}],"collection":[{"href":"https:\/\/lorcanerds.raumzeitlabor.de\/index.php?rest_route=\/wp\/v2\/pages"}],"about":[{"href":"https:\/\/lorcanerds.raumzeitlabor.de\/index.php?rest_route=\/wp\/v2\/types\/page"}],"author":[{"embeddable":true,"href":"https:\/\/lorcanerds.raumzeitlabor.de\/index.php?rest_route=\/wp\/v2\/users\/2"}],"replies":[{"embeddable":true,"href":"https:\/\/lorcanerds.raumzeitlabor.de\/index.php?rest_route=%2Fwp%2Fv2%2Fcomments&post=101"}],"version-history":[{"count":14,"href":"https:\/\/lorcanerds.raumzeitlabor.de\/index.php?rest_route=\/wp\/v2\/pages\/101\/revisions"}],"predecessor-version":[{"id":498,"href":"https:\/\/lorcanerds.raumzeitlabor.de\/index.php?rest_route=\/wp\/v2\/pages\/101\/revisions\/498"}],"up":[{"embeddable":true,"href":"https:\/\/lorcanerds.raumzeitlabor.de\/index.php?rest_route=\/wp\/v2\/pages\/49"}],"wp:featuredmedia":[{"embeddable":true,"href":"https:\/\/lorcanerds.raumzeitlabor.de\/index.php?rest_route=\/wp\/v2\/media\/151"}],"wp:attachment":[{"href":"https:\/\/lorcanerds.raumzeitlabor.de\/index.php?rest_route=%2Fwp%2Fv2%2Fmedia&parent=101"}],"curies":[{"name":"wp","href":"https:\/\/api.w.org\/{rel}","templated":true}]}}