{"id":103,"date":"2025-04-15T10:35:12","date_gmt":"2025-04-15T08:35:12","guid":{"rendered":"https:\/\/lorcanerds.tabascoeye.de\/?page_id=103"},"modified":"2025-06-23T08:46:06","modified_gmt":"2025-06-23T06:46:06","slug":"turnier-der-lieblingsfranchises","status":"publish","type":"page","link":"https:\/\/lorcanerds.raumzeitlabor.de\/?page_id=103","title":{"rendered":"Turnier der Lieblingsfranchises"},"content":{"rendered":"<figure class=\"alignfull wp-block-post-featured-image\"><img loading=\"lazy\" decoding=\"async\" width=\"2560\" height=\"1440\" src=\"https:\/\/lorcanerds.raumzeitlabor.de\/wp-content\/uploads\/2025\/04\/PXL_20250316_095213873.MP_-scaled.jpg\" class=\"attachment-post-thumbnail size-post-thumbnail wp-post-image\" alt=\"\" style=\"object-fit:cover;\" srcset=\"https:\/\/lorcanerds.raumzeitlabor.de\/wp-content\/uploads\/2025\/04\/PXL_20250316_095213873.MP_-scaled.jpg 2560w, https:\/\/lorcanerds.raumzeitlabor.de\/wp-content\/uploads\/2025\/04\/PXL_20250316_095213873.MP_-300x169.jpg 300w, https:\/\/lorcanerds.raumzeitlabor.de\/wp-content\/uploads\/2025\/04\/PXL_20250316_095213873.MP_-1024x576.jpg 1024w, https:\/\/lorcanerds.raumzeitlabor.de\/wp-content\/uploads\/2025\/04\/PXL_20250316_095213873.MP_-768x432.jpg 768w, https:\/\/lorcanerds.raumzeitlabor.de\/wp-content\/uploads\/2025\/04\/PXL_20250316_095213873.MP_-1536x864.jpg 1536w, https:\/\/lorcanerds.raumzeitlabor.de\/wp-content\/uploads\/2025\/04\/PXL_20250316_095213873.MP_-2048x1152.jpg 2048w\" sizes=\"auto, (max-width: 2560px) 100vw, 2560px\" \/><\/figure>\n\n\n<p>Das vierte Lorcana-Turnier fand am 16. M\u00e4rz 2025 in den R\u00e4umen des RaumZeitLabor e.V. statt. Nachdem die vergangangenen Turniere mit Fun-Deck-Regeln bereits so gut bei den Teilnehmer*innen ankamen, hat auch dieses Turnier wieder auf Basis von spezielen Deckbauregeln stattgefunden.<br>Das Turnier hat alle Lieblingsfilme und -serien in den Vordergrund ger\u00fcckt. Egal ob du &#8220;101 Dalmatiner&#8221; \u00fcber alles liebst oder doch &#8220;Encanto&#8221; dein unangefochtener Lieblingsfilm ist \u2013 in diesem Turnier konntest du dir genau zu diesen Franchises ein Deck bauen. <br>Wir hatten unglaublich viel Spa\u00df!<\/p>\n\n\n\n<h2 class=\"wp-block-heading\">Turnier-Regeln<\/h2>\n\n\n\n<p>Das Turnier wurde \u00fcber <a href=\"https:\/\/melee.gg\/Tournament\/View\/258842\" data-type=\"link\" data-id=\"https:\/\/melee.gg\/Tournament\/View\/258842\"><strong>melee.gg<\/strong> <\/a>getrackt.<br>Gespielt wurde das Turnier im BO3-Schweizer System \u00fcber 5 Runden.<br>Der Vorverkauf der Tickets erfolgte \u00fcber PreTix.<\/p>\n\n\n\n<h3 class=\"wp-block-heading\">Spezielle Deckbauregeln<\/h3>\n\n\n\n<p>Um den Teilnehmer*innen die M\u00f6glichkeit zu schaffen, ihre Lieblingsfranchises in diesem Turnier zu spielen, wurden spezielle Deckbauregeln aufgestellt. Mit diesen war es m\u00f6glich, eine Vielzahl an Decks zu bauen und dennoch eine m\u00f6glichst ausgeglichene Meta zu schaffen.<\/p>\n\n\n\n<ul class=\"wp-block-list\">\n<li>Ein Deck durfte nur aus Karten eines Franchise bestehen. Dies galt neben Charakteren ebenfalls f\u00fcr Aktionen, Orte &amp; Songs.\n<ul class=\"wp-block-list\">\n<li>Als Hilfsmittel konnte hierzu Online-Deckbuilder wie Dreamborn und Co. herangezogen werden.<\/li>\n<\/ul>\n<\/li>\n\n\n\n<li>Ein Deck musste aus mindestens 60 Karten bestehen.<\/li>\n\n\n\n<li>Limitierung der Seltenheitsstufen je Deck:\n<ul class=\"wp-block-list\">\n<li>max. 4 Legendary<\/li>\n\n\n\n<li>max. 8 Super Rare<\/li>\n\n\n\n<li>max. 8 Rare<\/li>\n<\/ul>\n<\/li>\n\n\n\n<li>Jedes Deck hatte eine Hauptfarbe. Diese war frei w\u00e4hlbar. Nur Aktionen, Lieder, Gegenst\u00e4nde und Orte der Hauptfarbe durften in die Decks aufgenommen werden.<\/li>\n\n\n\n<li>Charaktere durften aus allen Farben gemischt werden. <\/li>\n\n\n\n<li>Decks durften mit so vielen Tintenfarben gespielt werden wie gew\u00fcnscht.<\/li>\n\n\n\n<li>Vor Turnierbeginn musste eine Deckliste abgegeben werden. Entweder als Online Link oder in ausgedruckter Form.<\/li>\n\n\n\n<li>Karten aus &#8220;Ursulas R\u00fcckkehr &#8211; Die Luminari Chroniken: Gefahr aus der Tiefe&#8221; waren nicht zugelassen.   <\/li>\n<\/ul>\n\n\n\n<h3 class=\"wp-block-heading\">Verpflegung<\/h3>\n\n\n\n<p>&#8220;Sch\u00f6n ist <del>die Nacht<\/del> der Tag&#8221;&nbsp;\u2026 und wir waren zusammen mit <strong>Susi und Strolch<\/strong> in &#8220;Tony&#8217;s Restaurant&#8221;.<br>Neben den klassischen Spaghetti mit Fleisch-B\u00e4llchen gab es leckere Pizzaschnecken, Tomate-Mozzarella-Spie\u00dfe, s\u00fc\u00dfe Hundekekse, Siamkatzen-Bowle und zum Abschluss eine Sch\u00fcssel Spaghetti-Eis mit Beeren-Sauce und Kokosraspel \u2026 oder auch zwei. Selbstverst\u00e4ndlich gab es zu allem die passende vegane Variante.<\/p>\n\n\n\n<h3 class=\"wp-block-heading\">Preispool<\/h3>\n\n\n\n<h5 class=\"wp-block-heading\">1. Platz: Playmat-Tube aus Boosterh\u00fcllen + 1x Disney Lorcana Madrigal Familie Playmat<\/h5>\n\n\n\n<figure class=\"wp-block-image aligncenter size-large\"><img loading=\"lazy\" decoding=\"async\" width=\"492\" height=\"1024\" src=\"https:\/\/lorcanerds.raumzeitlabor.de\/wp-content\/uploads\/2025\/04\/IMG-20250316-WA00273-492x1024.jpg\" alt=\"\" class=\"wp-image-118\" srcset=\"https:\/\/lorcanerds.raumzeitlabor.de\/wp-content\/uploads\/2025\/04\/IMG-20250316-WA00273-492x1024.jpg 492w, https:\/\/lorcanerds.raumzeitlabor.de\/wp-content\/uploads\/2025\/04\/IMG-20250316-WA00273-144x300.jpg 144w, https:\/\/lorcanerds.raumzeitlabor.de\/wp-content\/uploads\/2025\/04\/IMG-20250316-WA00273.jpg 513w\" sizes=\"auto, (max-width: 492px) 100vw, 492px\" \/><\/figure>\n\n\n\n<h5 class=\"wp-block-heading\">Preis f\u00fcr den letzten Platz &#8211; 3D-Druck Kartentrenner<\/h5>\n\n\n\n<figure class=\"wp-block-image aligncenter size-large\"><img loading=\"lazy\" decoding=\"async\" width=\"1024\" height=\"771\" src=\"https:\/\/lorcanerds.raumzeitlabor.de\/wp-content\/uploads\/2025\/04\/IMG-20250315-WA0014-1024x771.jpg\" alt=\"\" class=\"wp-image-119\" srcset=\"https:\/\/lorcanerds.raumzeitlabor.de\/wp-content\/uploads\/2025\/04\/IMG-20250315-WA0014-1024x771.jpg 1024w, https:\/\/lorcanerds.raumzeitlabor.de\/wp-content\/uploads\/2025\/04\/IMG-20250315-WA0014-300x226.jpg 300w, https:\/\/lorcanerds.raumzeitlabor.de\/wp-content\/uploads\/2025\/04\/IMG-20250315-WA0014-768x578.jpg 768w, https:\/\/lorcanerds.raumzeitlabor.de\/wp-content\/uploads\/2025\/04\/IMG-20250315-WA0014-1536x1157.jpg 1536w, https:\/\/lorcanerds.raumzeitlabor.de\/wp-content\/uploads\/2025\/04\/IMG-20250315-WA0014.jpg 2040w\" sizes=\"auto, (max-width: 1024px) 100vw, 1024px\" \/><\/figure>\n\n\n\n<h5 class=\"wp-block-heading\">Randomisierter Preis &#8211; Disney Lorcana Golden Mickey Pin<\/h5>\n\n\n\n<figure class=\"wp-block-image aligncenter size-full\"><img loading=\"lazy\" decoding=\"async\" width=\"300\" height=\"300\" src=\"https:\/\/lorcanerds.raumzeitlabor.de\/wp-content\/uploads\/2025\/04\/786599.png\" alt=\"\" class=\"wp-image-132\" srcset=\"https:\/\/lorcanerds.raumzeitlabor.de\/wp-content\/uploads\/2025\/04\/786599.png 300w, https:\/\/lorcanerds.raumzeitlabor.de\/wp-content\/uploads\/2025\/04\/786599-150x150.png 150w\" sizes=\"auto, (max-width: 300px) 100vw, 300px\" \/><\/figure>\n\n\n\n<p><\/p>\n\n\n\n<h3 class=\"wp-block-heading\">Meta-Breakdown<\/h3>\n\n\n\n<ul class=\"wp-block-list\">\n<li>\u2060Sleeping Beauty: 2<\/li>\n\n\n\n<li>\u2060Vaiana: 2<\/li>\n\n\n\n<li>\u2060101 Dalmatians: 1<\/li>\n\n\n\n<li>\u2060Aladdin: 1<\/li>\n\n\n\n<li>\u2060Ariel: 1<\/li>\n\n\n\n<li>\u2060Baymax (Hero 6): 1<\/li>\n\n\n\n<li>\u2060Beauty and the Beast: 1<\/li>\n\n\n\n<li>\u2060Mickey Mouse and Friends: 1<\/li>\n\n\n\n<li>\u2060Mulan: 1<\/li>\n\n\n\n<li>\u2060Robin Hood: 1<\/li>\n\n\n\n<li>\u2060Sword in the Stone: 1<\/li>\n\n\n\n<li>\u2060Tangled: 1<\/li>\n\n\n\n<li>\u2060Treasure Planet: 1<\/li>\n\n\n\n<li>Gesamtanzahl Spieler*innen = 15<\/li>\n<\/ul>\n\n\n\n<p><strong>Top 3 Decks: <\/strong><\/p>\n\n\n\n<details class=\"wp-block-details is-layout-flow wp-block-details-is-layout-flow\"><summary>Sleeping Beauty by Keo<\/summary>\n<p><\/p>\n\n\n\n<figure class=\"wp-block-image size-large\"><img loading=\"lazy\" decoding=\"async\" width=\"1024\" height=\"617\" src=\"https:\/\/lorcanerds.raumzeitlabor.de\/wp-content\/uploads\/2025\/04\/Sleeping_Beauty_by_keo-1024x617.png\" alt=\"\" class=\"wp-image-137\" srcset=\"https:\/\/lorcanerds.raumzeitlabor.de\/wp-content\/uploads\/2025\/04\/Sleeping_Beauty_by_keo-1024x617.png 1024w, https:\/\/lorcanerds.raumzeitlabor.de\/wp-content\/uploads\/2025\/04\/Sleeping_Beauty_by_keo-300x181.png 300w, https:\/\/lorcanerds.raumzeitlabor.de\/wp-content\/uploads\/2025\/04\/Sleeping_Beauty_by_keo-768x463.png 768w, https:\/\/lorcanerds.raumzeitlabor.de\/wp-content\/uploads\/2025\/04\/Sleeping_Beauty_by_keo-1536x926.png 1536w, https:\/\/lorcanerds.raumzeitlabor.de\/wp-content\/uploads\/2025\/04\/Sleeping_Beauty_by_keo-2048x1234.png 2048w\" sizes=\"auto, (max-width: 1024px) 100vw, 1024px\" \/><\/figure>\n<\/details>\n\n\n\n<details class=\"wp-block-details is-layout-flow wp-block-details-is-layout-flow\"><summary>Aladdin by shinobi64<\/summary>\n<p><\/p>\n\n\n\n<figure class=\"wp-block-image size-large\"><img loading=\"lazy\" decoding=\"async\" width=\"1024\" height=\"617\" src=\"https:\/\/lorcanerds.raumzeitlabor.de\/wp-content\/uploads\/2025\/06\/Aladdin_shinobi64-1024x617.png\" alt=\"\" class=\"wp-image-352\" srcset=\"https:\/\/lorcanerds.raumzeitlabor.de\/wp-content\/uploads\/2025\/06\/Aladdin_shinobi64-1024x617.png 1024w, https:\/\/lorcanerds.raumzeitlabor.de\/wp-content\/uploads\/2025\/06\/Aladdin_shinobi64-300x181.png 300w, https:\/\/lorcanerds.raumzeitlabor.de\/wp-content\/uploads\/2025\/06\/Aladdin_shinobi64-768x463.png 768w, https:\/\/lorcanerds.raumzeitlabor.de\/wp-content\/uploads\/2025\/06\/Aladdin_shinobi64-1536x926.png 1536w, https:\/\/lorcanerds.raumzeitlabor.de\/wp-content\/uploads\/2025\/06\/Aladdin_shinobi64-2048x1234.png 2048w\" sizes=\"auto, (max-width: 1024px) 100vw, 1024px\" \/><\/figure>\n<\/details>\n\n\n\n<details class=\"wp-block-details is-layout-flow wp-block-details-is-layout-flow\"><summary>Sleeping Beauty be IT Fairy<\/summary>\n<p><\/p>\n\n\n\n<figure class=\"wp-block-image size-large\"><img loading=\"lazy\" decoding=\"async\" width=\"1024\" height=\"514\" src=\"https:\/\/lorcanerds.raumzeitlabor.de\/wp-content\/uploads\/2025\/06\/Sleeping_Beauty_IT-Fairy-1024x514.png\" alt=\"\" class=\"wp-image-353\" srcset=\"https:\/\/lorcanerds.raumzeitlabor.de\/wp-content\/uploads\/2025\/06\/Sleeping_Beauty_IT-Fairy-1024x514.png 1024w, https:\/\/lorcanerds.raumzeitlabor.de\/wp-content\/uploads\/2025\/06\/Sleeping_Beauty_IT-Fairy-300x151.png 300w, https:\/\/lorcanerds.raumzeitlabor.de\/wp-content\/uploads\/2025\/06\/Sleeping_Beauty_IT-Fairy-768x386.png 768w, https:\/\/lorcanerds.raumzeitlabor.de\/wp-content\/uploads\/2025\/06\/Sleeping_Beauty_IT-Fairy-1536x771.png 1536w, https:\/\/lorcanerds.raumzeitlabor.de\/wp-content\/uploads\/2025\/06\/Sleeping_Beauty_IT-Fairy-2048x1028.png 2048w\" sizes=\"auto, (max-width: 1024px) 100vw, 1024px\" \/><\/figure>\n<\/details>\n\n\n\n<h3 class=\"wp-block-heading\">R\u00fcckblick in Bildern<\/h3>\n\n\n\n<figure class=\"wp-block-gallery has-nested-images columns-default is-cropped wp-block-gallery-1 is-layout-flex wp-block-gallery-is-layout-flex\">\n<figure class=\"wp-block-image size-large\"><img loading=\"lazy\" decoding=\"async\" width=\"576\" height=\"1024\" data-id=\"121\" src=\"https:\/\/lorcanerds.raumzeitlabor.de\/wp-content\/uploads\/2025\/04\/IMG-20250316-WA0010-576x1024.jpg\" alt=\"\" class=\"wp-image-121\" srcset=\"https:\/\/lorcanerds.raumzeitlabor.de\/wp-content\/uploads\/2025\/04\/IMG-20250316-WA0010-576x1024.jpg 576w, https:\/\/lorcanerds.raumzeitlabor.de\/wp-content\/uploads\/2025\/04\/IMG-20250316-WA0010-169x300.jpg 169w, https:\/\/lorcanerds.raumzeitlabor.de\/wp-content\/uploads\/2025\/04\/IMG-20250316-WA0010-768x1365.jpg 768w, https:\/\/lorcanerds.raumzeitlabor.de\/wp-content\/uploads\/2025\/04\/IMG-20250316-WA0010-864x1536.jpg 864w, https:\/\/lorcanerds.raumzeitlabor.de\/wp-content\/uploads\/2025\/04\/IMG-20250316-WA0010.jpg 1134w\" sizes=\"auto, (max-width: 576px) 100vw, 576px\" \/><\/figure>\n\n\n\n<figure class=\"wp-block-image size-large\"><img loading=\"lazy\" decoding=\"async\" width=\"1024\" height=\"576\" data-id=\"126\" src=\"https:\/\/lorcanerds.raumzeitlabor.de\/wp-content\/uploads\/2025\/04\/PXL_20250316_092117544.MP_-1024x576.jpg\" alt=\"\" class=\"wp-image-126\" srcset=\"https:\/\/lorcanerds.raumzeitlabor.de\/wp-content\/uploads\/2025\/04\/PXL_20250316_092117544.MP_-1024x576.jpg 1024w, https:\/\/lorcanerds.raumzeitlabor.de\/wp-content\/uploads\/2025\/04\/PXL_20250316_092117544.MP_-300x169.jpg 300w, https:\/\/lorcanerds.raumzeitlabor.de\/wp-content\/uploads\/2025\/04\/PXL_20250316_092117544.MP_-768x432.jpg 768w, https:\/\/lorcanerds.raumzeitlabor.de\/wp-content\/uploads\/2025\/04\/PXL_20250316_092117544.MP_-1536x864.jpg 1536w, https:\/\/lorcanerds.raumzeitlabor.de\/wp-content\/uploads\/2025\/04\/PXL_20250316_092117544.MP_-2048x1152.jpg 2048w\" sizes=\"auto, (max-width: 1024px) 100vw, 1024px\" \/><\/figure>\n\n\n\n<figure class=\"wp-block-image size-large\"><img loading=\"lazy\" decoding=\"async\" width=\"576\" height=\"1024\" data-id=\"125\" src=\"https:\/\/lorcanerds.raumzeitlabor.de\/wp-content\/uploads\/2025\/04\/PXL_20250316_101319995.MP_-576x1024.jpg\" alt=\"\" class=\"wp-image-125\" srcset=\"https:\/\/lorcanerds.raumzeitlabor.de\/wp-content\/uploads\/2025\/04\/PXL_20250316_101319995.MP_-576x1024.jpg 576w, https:\/\/lorcanerds.raumzeitlabor.de\/wp-content\/uploads\/2025\/04\/PXL_20250316_101319995.MP_-169x300.jpg 169w, https:\/\/lorcanerds.raumzeitlabor.de\/wp-content\/uploads\/2025\/04\/PXL_20250316_101319995.MP_-768x1365.jpg 768w, https:\/\/lorcanerds.raumzeitlabor.de\/wp-content\/uploads\/2025\/04\/PXL_20250316_101319995.MP_-864x1536.jpg 864w, https:\/\/lorcanerds.raumzeitlabor.de\/wp-content\/uploads\/2025\/04\/PXL_20250316_101319995.MP_-1152x2048.jpg 1152w, https:\/\/lorcanerds.raumzeitlabor.de\/wp-content\/uploads\/2025\/04\/PXL_20250316_101319995.MP_-scaled.jpg 1440w\" sizes=\"auto, (max-width: 576px) 100vw, 576px\" \/><\/figure>\n\n\n\n<figure class=\"wp-block-image size-large\"><img loading=\"lazy\" decoding=\"async\" width=\"834\" height=\"1024\" data-id=\"127\" src=\"https:\/\/lorcanerds.raumzeitlabor.de\/wp-content\/uploads\/2025\/04\/PXL_20250316_112142305.MP2_-834x1024.jpg\" alt=\"\" class=\"wp-image-127\" srcset=\"https:\/\/lorcanerds.raumzeitlabor.de\/wp-content\/uploads\/2025\/04\/PXL_20250316_112142305.MP2_-834x1024.jpg 834w, https:\/\/lorcanerds.raumzeitlabor.de\/wp-content\/uploads\/2025\/04\/PXL_20250316_112142305.MP2_-244x300.jpg 244w, https:\/\/lorcanerds.raumzeitlabor.de\/wp-content\/uploads\/2025\/04\/PXL_20250316_112142305.MP2_-768x943.jpg 768w, https:\/\/lorcanerds.raumzeitlabor.de\/wp-content\/uploads\/2025\/04\/PXL_20250316_112142305.MP2_-1250x1536.jpg 1250w, https:\/\/lorcanerds.raumzeitlabor.de\/wp-content\/uploads\/2025\/04\/PXL_20250316_112142305.MP2_-1667x2048.jpg 1667w\" sizes=\"auto, (max-width: 834px) 100vw, 834px\" \/><\/figure>\n\n\n\n<figure class=\"wp-block-image size-large\"><img loading=\"lazy\" decoding=\"async\" width=\"872\" height=\"1024\" data-id=\"122\" src=\"https:\/\/lorcanerds.raumzeitlabor.de\/wp-content\/uploads\/2025\/04\/PXL_20250316_112208726.MP2_-872x1024.jpg\" alt=\"\" class=\"wp-image-122\" srcset=\"https:\/\/lorcanerds.raumzeitlabor.de\/wp-content\/uploads\/2025\/04\/PXL_20250316_112208726.MP2_-872x1024.jpg 872w, https:\/\/lorcanerds.raumzeitlabor.de\/wp-content\/uploads\/2025\/04\/PXL_20250316_112208726.MP2_-256x300.jpg 256w, https:\/\/lorcanerds.raumzeitlabor.de\/wp-content\/uploads\/2025\/04\/PXL_20250316_112208726.MP2_-768x902.jpg 768w, https:\/\/lorcanerds.raumzeitlabor.de\/wp-content\/uploads\/2025\/04\/PXL_20250316_112208726.MP2_-1308x1536.jpg 1308w, https:\/\/lorcanerds.raumzeitlabor.de\/wp-content\/uploads\/2025\/04\/PXL_20250316_112208726.MP2_-1744x2048.jpg 1744w\" sizes=\"auto, (max-width: 872px) 100vw, 872px\" \/><\/figure>\n\n\n\n<figure class=\"wp-block-image size-large\"><img loading=\"lazy\" decoding=\"async\" width=\"1024\" height=\"576\" data-id=\"123\" src=\"https:\/\/lorcanerds.raumzeitlabor.de\/wp-content\/uploads\/2025\/04\/PXL_20250316_114714223-1024x576.jpg\" alt=\"\" class=\"wp-image-123\" srcset=\"https:\/\/lorcanerds.raumzeitlabor.de\/wp-content\/uploads\/2025\/04\/PXL_20250316_114714223-1024x576.jpg 1024w, https:\/\/lorcanerds.raumzeitlabor.de\/wp-content\/uploads\/2025\/04\/PXL_20250316_114714223-300x169.jpg 300w, https:\/\/lorcanerds.raumzeitlabor.de\/wp-content\/uploads\/2025\/04\/PXL_20250316_114714223-768x432.jpg 768w, https:\/\/lorcanerds.raumzeitlabor.de\/wp-content\/uploads\/2025\/04\/PXL_20250316_114714223-1536x864.jpg 1536w, https:\/\/lorcanerds.raumzeitlabor.de\/wp-content\/uploads\/2025\/04\/PXL_20250316_114714223-2048x1152.jpg 2048w\" sizes=\"auto, (max-width: 1024px) 100vw, 1024px\" \/><\/figure>\n\n\n\n<figure class=\"wp-block-image size-large\"><img decoding=\"async\" data-id=\"124\" src=\"https:\/\/lorcanerds.raumzeitlabor.de\/wp-content\/uploads\/2025\/04\/PXL_20250316_120818442-1024x576.jpg\" alt=\"\" class=\"wp-image-124\"\/><\/figure>\n<\/figure>\n","protected":false},"excerpt":{"rendered":"<p>Das vierte Lorcana-Turnier fand am 16. M\u00e4rz 2025 in den R\u00e4umen des RaumZeitLabor e.V. statt. Nachdem die vergangangenen Turniere mit Fun-Deck-Regeln bereits so gut bei den Teilnehmer*innen ankamen, hat auch dieses Turnier wieder auf Basis von spezielen Deckbauregeln stattgefunden.Das Turnier hat alle Lieblingsfilme und -serien in den Vordergrund ger\u00fcckt. Egal ob du &#8220;101 Dalmatiner&#8221; \u00fcber [&hellip;]<\/p>\n","protected":false},"author":2,"featured_media":111,"parent":49,"menu_order":0,"comment_status":"closed","ping_status":"closed","template":"","meta":{"inline_featured_image":false,"footnotes":""},"class_list":["post-103","page","type-page","status-publish","has-post-thumbnail","hentry"],"_links":{"self":[{"href":"https:\/\/lorcanerds.raumzeitlabor.de\/index.php?rest_route=\/wp\/v2\/pages\/103","targetHints":{"allow":["GET"]}}],"collection":[{"href":"https:\/\/lorcanerds.raumzeitlabor.de\/index.php?rest_route=\/wp\/v2\/pages"}],"about":[{"href":"https:\/\/lorcanerds.raumzeitlabor.de\/index.php?rest_route=\/wp\/v2\/types\/page"}],"author":[{"embeddable":true,"href":"https:\/\/lorcanerds.raumzeitlabor.de\/index.php?rest_route=\/wp\/v2\/users\/2"}],"replies":[{"embeddable":true,"href":"https:\/\/lorcanerds.raumzeitlabor.de\/index.php?rest_route=%2Fwp%2Fv2%2Fcomments&post=103"}],"version-history":[{"count":21,"href":"https:\/\/lorcanerds.raumzeitlabor.de\/index.php?rest_route=\/wp\/v2\/pages\/103\/revisions"}],"predecessor-version":[{"id":354,"href":"https:\/\/lorcanerds.raumzeitlabor.de\/index.php?rest_route=\/wp\/v2\/pages\/103\/revisions\/354"}],"up":[{"embeddable":true,"href":"https:\/\/lorcanerds.raumzeitlabor.de\/index.php?rest_route=\/wp\/v2\/pages\/49"}],"wp:featuredmedia":[{"embeddable":true,"href":"https:\/\/lorcanerds.raumzeitlabor.de\/index.php?rest_route=\/wp\/v2\/media\/111"}],"wp:attachment":[{"href":"https:\/\/lorcanerds.raumzeitlabor.de\/index.php?rest_route=%2Fwp%2Fv2%2Fmedia&parent=103"}],"curies":[{"name":"wp","href":"https:\/\/api.w.org\/{rel}","templated":true}]}}