{"id":84,"date":"2025-04-15T10:13:22","date_gmt":"2025-04-15T08:13:22","guid":{"rendered":"https:\/\/lorcanerds.tabascoeye.de\/?page_id=84"},"modified":"2026-04-02T20:02:57","modified_gmt":"2026-04-02T18:02:57","slug":"fun-turnier-september","status":"publish","type":"page","link":"https:\/\/lorcanerds.raumzeitlabor.de\/?page_id=84","title":{"rendered":"Fun-Turnier \u2013 Lorenzo in Wonderland"},"content":{"rendered":"<figure class=\"alignfull wp-block-post-featured-image\"><img loading=\"lazy\" decoding=\"async\" width=\"2040\" height=\"600\" src=\"https:\/\/lorcanerds.raumzeitlabor.de\/wp-content\/uploads\/2026\/02\/PXL_20250921_093447730_crop-e1770668531373.png\" class=\"attachment-post-thumbnail size-post-thumbnail wp-post-image\" alt=\"\" style=\"object-fit:cover;\" srcset=\"https:\/\/lorcanerds.raumzeitlabor.de\/wp-content\/uploads\/2026\/02\/PXL_20250921_093447730_crop-e1770668531373.png 2040w, https:\/\/lorcanerds.raumzeitlabor.de\/wp-content\/uploads\/2026\/02\/PXL_20250921_093447730_crop-e1770668531373-300x88.png 300w, https:\/\/lorcanerds.raumzeitlabor.de\/wp-content\/uploads\/2026\/02\/PXL_20250921_093447730_crop-e1770668531373-1024x301.png 1024w, https:\/\/lorcanerds.raumzeitlabor.de\/wp-content\/uploads\/2026\/02\/PXL_20250921_093447730_crop-e1770668531373-768x226.png 768w, https:\/\/lorcanerds.raumzeitlabor.de\/wp-content\/uploads\/2026\/02\/PXL_20250921_093447730_crop-e1770668531373-1536x452.png 1536w\" sizes=\"auto, (max-width: 2040px) 100vw, 2040px\" \/><\/figure>\n\n\n<p>Das bisher gr\u00f6\u00dfte Turnier der Lorcanerds fand am 21.09.2025 in der Kulturhalle Feudenheim statt. Wir konnten unglaubliche 50 Luminari davon \u00fcberzeugen, an unserem Fun-Turnier teilzunehmen. Auch dieses Mal standen unsere Lieblingsfrachises im Mittelpunkt des Turniers. Jede*r hatte die M\u00f6glichkeit, ein Deck zum eigenen Lieblingsfilm oder der Lieblingscharacter zu bauen und bei unserem Turnier zu spielen.\u00a0<\/p>\n\n\n\n<p>Es war unfassbar sch\u00f6n eure lachenden Gesichter zu sehen. Wir haben uns \u00fcber alle gefreut, die uns besucht haben. Einige von euch kamen sogar in richtig tollen Disney Bounds. Wir hatten einen \u00fcberw\u00e4ltigenden Tag und danken euch, dass ihr Teil davon gewesen seid.<\/p>\n\n\n\n<h2 class=\"wp-block-heading\">Quickfacts zum Turnier<\/h2>\n\n\n\n<ul class=\"wp-block-list\">\n<li>Spezielle Deckbauregeln um Franchise-Decks zu erm\u00f6glichen.<\/li>\n\n\n\n<li>Swiss \u00fcber 6 Runden<\/li>\n\n\n\n<li>Preise und Goodiebags f\u00fcr alle Luminari<\/li>\n\n\n\n<li>Mad Hatter Teatime<\/li>\n<\/ul>\n\n\n\n<h2 class=\"wp-block-heading\">Gewinnerdeck<\/h2>\n\n\n\n<p>Gewonnen hat unser Turnier die wunderbare Annika mit ihrem Aladdin-Deck &#8220;Winzig kleiner Lebensraum&#8221;.<\/p>\n\n\n\n<figure class=\"wp-block-image size-large\"><img loading=\"lazy\" decoding=\"async\" width=\"1024\" height=\"371\" src=\"https:\/\/lorcanerds.raumzeitlabor.de\/wp-content\/uploads\/2026\/04\/SCR-20260402-nwpa-1024x371.jpeg\" alt=\"\" class=\"wp-image-503\" srcset=\"https:\/\/lorcanerds.raumzeitlabor.de\/wp-content\/uploads\/2026\/04\/SCR-20260402-nwpa-1024x371.jpeg 1024w, https:\/\/lorcanerds.raumzeitlabor.de\/wp-content\/uploads\/2026\/04\/SCR-20260402-nwpa-300x109.jpeg 300w, https:\/\/lorcanerds.raumzeitlabor.de\/wp-content\/uploads\/2026\/04\/SCR-20260402-nwpa-768x278.jpeg 768w, https:\/\/lorcanerds.raumzeitlabor.de\/wp-content\/uploads\/2026\/04\/SCR-20260402-nwpa-1536x556.jpeg 1536w, https:\/\/lorcanerds.raumzeitlabor.de\/wp-content\/uploads\/2026\/04\/SCR-20260402-nwpa-2048x742.jpeg 2048w\" sizes=\"auto, (max-width: 1024px) 100vw, 1024px\" \/><\/figure>\n\n\n\n<p><\/p>\n\n\n\n<h2 class=\"wp-block-heading\">R\u00fcckblick in Bildern<\/h2>\n\n\n\n<div class=\"wp-block-group is-layout-grid wp-container-core-group-is-layout-478b6e6b wp-block-group-is-layout-grid\">\n<figure class=\"wp-block-image size-large wp-container-content-69bc4bdf\"><img loading=\"lazy\" decoding=\"async\" width=\"1024\" height=\"576\" src=\"https:\/\/lorcanerds.raumzeitlabor.de\/wp-content\/uploads\/2026\/02\/PXL_20250921_120130033-1024x576.jpg\" alt=\"\" class=\"wp-image-443\" srcset=\"https:\/\/lorcanerds.raumzeitlabor.de\/wp-content\/uploads\/2026\/02\/PXL_20250921_120130033-1024x576.jpg 1024w, https:\/\/lorcanerds.raumzeitlabor.de\/wp-content\/uploads\/2026\/02\/PXL_20250921_120130033-300x169.jpg 300w, https:\/\/lorcanerds.raumzeitlabor.de\/wp-content\/uploads\/2026\/02\/PXL_20250921_120130033-768x432.jpg 768w, https:\/\/lorcanerds.raumzeitlabor.de\/wp-content\/uploads\/2026\/02\/PXL_20250921_120130033-1536x864.jpg 1536w, https:\/\/lorcanerds.raumzeitlabor.de\/wp-content\/uploads\/2026\/02\/PXL_20250921_120130033.jpg 2016w\" sizes=\"auto, (max-width: 1024px) 100vw, 1024px\" \/><\/figure>\n\n\n\n<figure class=\"wp-block-image size-large\"><img loading=\"lazy\" decoding=\"async\" width=\"1024\" height=\"576\" src=\"https:\/\/lorcanerds.raumzeitlabor.de\/wp-content\/uploads\/2026\/02\/PXL_20250921_120123737.MP_-1024x576.jpg\" alt=\"\" class=\"wp-image-442\" srcset=\"https:\/\/lorcanerds.raumzeitlabor.de\/wp-content\/uploads\/2026\/02\/PXL_20250921_120123737.MP_-1024x576.jpg 1024w, https:\/\/lorcanerds.raumzeitlabor.de\/wp-content\/uploads\/2026\/02\/PXL_20250921_120123737.MP_-300x169.jpg 300w, https:\/\/lorcanerds.raumzeitlabor.de\/wp-content\/uploads\/2026\/02\/PXL_20250921_120123737.MP_-768x432.jpg 768w, https:\/\/lorcanerds.raumzeitlabor.de\/wp-content\/uploads\/2026\/02\/PXL_20250921_120123737.MP_-1536x864.jpg 1536w, https:\/\/lorcanerds.raumzeitlabor.de\/wp-content\/uploads\/2026\/02\/PXL_20250921_120123737.MP_.jpg 2016w\" sizes=\"auto, (max-width: 1024px) 100vw, 1024px\" \/><\/figure>\n\n\n\n<figure class=\"wp-block-image size-large wp-container-content-69bc4bdf\"><img loading=\"lazy\" decoding=\"async\" width=\"1024\" height=\"576\" src=\"https:\/\/lorcanerds.raumzeitlabor.de\/wp-content\/uploads\/2026\/02\/PXL_20250921_120109585.MP_-1024x576.jpg\" alt=\"\" class=\"wp-image-441\" srcset=\"https:\/\/lorcanerds.raumzeitlabor.de\/wp-content\/uploads\/2026\/02\/PXL_20250921_120109585.MP_-1024x576.jpg 1024w, https:\/\/lorcanerds.raumzeitlabor.de\/wp-content\/uploads\/2026\/02\/PXL_20250921_120109585.MP_-300x169.jpg 300w, https:\/\/lorcanerds.raumzeitlabor.de\/wp-content\/uploads\/2026\/02\/PXL_20250921_120109585.MP_-768x432.jpg 768w, https:\/\/lorcanerds.raumzeitlabor.de\/wp-content\/uploads\/2026\/02\/PXL_20250921_120109585.MP_-1536x864.jpg 1536w, https:\/\/lorcanerds.raumzeitlabor.de\/wp-content\/uploads\/2026\/02\/PXL_20250921_120109585.MP_.jpg 2016w\" sizes=\"auto, (max-width: 1024px) 100vw, 1024px\" \/><\/figure>\n<\/div>\n\n\n\n<div class=\"wp-block-group is-layout-grid wp-container-core-group-is-layout-478b6e6b wp-block-group-is-layout-grid\">\n<figure class=\"wp-block-image size-large\"><img loading=\"lazy\" decoding=\"async\" width=\"771\" height=\"1024\" src=\"https:\/\/lorcanerds.raumzeitlabor.de\/wp-content\/uploads\/2026\/02\/PXL_20250921_092728325_crop-771x1024.png\" alt=\"\" class=\"wp-image-440\" srcset=\"https:\/\/lorcanerds.raumzeitlabor.de\/wp-content\/uploads\/2026\/02\/PXL_20250921_092728325_crop-771x1024.png 771w, https:\/\/lorcanerds.raumzeitlabor.de\/wp-content\/uploads\/2026\/02\/PXL_20250921_092728325_crop-226x300.png 226w, https:\/\/lorcanerds.raumzeitlabor.de\/wp-content\/uploads\/2026\/02\/PXL_20250921_092728325_crop-768x1020.png 768w, https:\/\/lorcanerds.raumzeitlabor.de\/wp-content\/uploads\/2026\/02\/PXL_20250921_092728325_crop-1157x1536.png 1157w, https:\/\/lorcanerds.raumzeitlabor.de\/wp-content\/uploads\/2026\/02\/PXL_20250921_092728325_crop.png 1536w\" sizes=\"auto, (max-width: 771px) 100vw, 771px\" \/><\/figure>\n\n\n\n<figure class=\"wp-block-image size-large\"><img loading=\"lazy\" decoding=\"async\" width=\"771\" height=\"1024\" src=\"https:\/\/lorcanerds.raumzeitlabor.de\/wp-content\/uploads\/2026\/02\/PXL_20250921_093658239_crop-771x1024.png\" alt=\"\" class=\"wp-image-439\" srcset=\"https:\/\/lorcanerds.raumzeitlabor.de\/wp-content\/uploads\/2026\/02\/PXL_20250921_093658239_crop-771x1024.png 771w, https:\/\/lorcanerds.raumzeitlabor.de\/wp-content\/uploads\/2026\/02\/PXL_20250921_093658239_crop-226x300.png 226w, https:\/\/lorcanerds.raumzeitlabor.de\/wp-content\/uploads\/2026\/02\/PXL_20250921_093658239_crop-768x1020.png 768w, https:\/\/lorcanerds.raumzeitlabor.de\/wp-content\/uploads\/2026\/02\/PXL_20250921_093658239_crop-1157x1536.png 1157w, https:\/\/lorcanerds.raumzeitlabor.de\/wp-content\/uploads\/2026\/02\/PXL_20250921_093658239_crop.png 1536w\" sizes=\"auto, (max-width: 771px) 100vw, 771px\" \/><\/figure>\n\n\n\n<figure class=\"wp-block-image size-large wp-container-content-69bc4bdf\"><img loading=\"lazy\" decoding=\"async\" width=\"1134\" height=\"1512\" src=\"https:\/\/lorcanerds.raumzeitlabor.de\/wp-content\/uploads\/2026\/02\/PXL_20250921_125641487.MP_-edited.jpg\" alt=\"\" class=\"wp-image-455\" srcset=\"https:\/\/lorcanerds.raumzeitlabor.de\/wp-content\/uploads\/2026\/02\/PXL_20250921_125641487.MP_-edited.jpg 1134w, https:\/\/lorcanerds.raumzeitlabor.de\/wp-content\/uploads\/2026\/02\/PXL_20250921_125641487.MP_-edited-225x300.jpg 225w, https:\/\/lorcanerds.raumzeitlabor.de\/wp-content\/uploads\/2026\/02\/PXL_20250921_125641487.MP_-edited-768x1024.jpg 768w\" sizes=\"auto, (max-width: 1134px) 100vw, 1134px\" \/><\/figure>\n<\/div>\n\n\n\n<h2 class=\"wp-block-heading\">Interviews in der Karte<\/h2>\n\n\n\n<div class=\"wp-block-group alignwide is-nowrap is-layout-flex wp-container-core-group-is-layout-6c531013 wp-block-group-is-layout-flex\">\n<div class=\"wp-block-columns is-layout-flex wp-container-core-columns-is-layout-28f84493 wp-block-columns-is-layout-flex\">\n<div class=\"wp-block-column is-layout-flow wp-block-column-is-layout-flow\">\n<figure class=\"wp-block-video\"><video height=\"1920\" style=\"aspect-ratio: 1080 \/ 1920;\" width=\"1080\" controls src=\"https:\/\/lorcanerds.raumzeitlabor.de\/wp-content\/uploads\/2026\/02\/Annika.mp4\"><\/video><\/figure>\n<\/div>\n\n\n\n<div class=\"wp-block-column is-layout-flow wp-block-column-is-layout-flow\">\n<figure class=\"wp-block-video\"><video height=\"1920\" style=\"aspect-ratio: 1080 \/ 1920;\" width=\"1080\" controls src=\"https:\/\/lorcanerds.raumzeitlabor.de\/wp-content\/uploads\/2026\/02\/Antonia.mp4\"><\/video><\/figure>\n<\/div>\n\n\n\n<div class=\"wp-block-column is-layout-flow wp-block-column-is-layout-flow\">\n<figure class=\"wp-block-video\"><video height=\"1920\" style=\"aspect-ratio: 1080 \/ 1920;\" width=\"1080\" controls src=\"https:\/\/lorcanerds.raumzeitlabor.de\/wp-content\/uploads\/2026\/02\/HeadJudge.mp4\"><\/video><\/figure>\n<\/div>\n\n\n\n<div class=\"wp-block-column is-layout-flow wp-block-column-is-layout-flow\">\n<figure class=\"wp-block-video\"><video height=\"1920\" style=\"aspect-ratio: 1080 \/ 1920;\" width=\"1080\" controls src=\"https:\/\/lorcanerds.raumzeitlabor.de\/wp-content\/uploads\/2026\/02\/Gewinnspiel.mp4\"><\/video><\/figure>\n<\/div>\n<\/div>\n<\/div>\n\n\n\n<h2 class=\"wp-block-heading\">Making-Of \/ Behind the Scenes<\/h2>\n\n\n\n<div class=\"wp-block-group alignwide is-layout-grid wp-container-core-group-is-layout-478b6e6b wp-block-group-is-layout-grid\">\n<figure class=\"wp-block-image size-large\"><img loading=\"lazy\" decoding=\"async\" width=\"576\" height=\"1024\" src=\"https:\/\/lorcanerds.raumzeitlabor.de\/wp-content\/uploads\/2026\/02\/PXL_20250921_064216247.MP_-576x1024.jpg\" alt=\"\" class=\"wp-image-453\" srcset=\"https:\/\/lorcanerds.raumzeitlabor.de\/wp-content\/uploads\/2026\/02\/PXL_20250921_064216247.MP_-576x1024.jpg 576w, https:\/\/lorcanerds.raumzeitlabor.de\/wp-content\/uploads\/2026\/02\/PXL_20250921_064216247.MP_-169x300.jpg 169w, https:\/\/lorcanerds.raumzeitlabor.de\/wp-content\/uploads\/2026\/02\/PXL_20250921_064216247.MP_-768x1365.jpg 768w, https:\/\/lorcanerds.raumzeitlabor.de\/wp-content\/uploads\/2026\/02\/PXL_20250921_064216247.MP_-864x1536.jpg 864w, https:\/\/lorcanerds.raumzeitlabor.de\/wp-content\/uploads\/2026\/02\/PXL_20250921_064216247.MP_.jpg 1134w\" sizes=\"auto, (max-width: 576px) 100vw, 576px\" \/><\/figure>\n\n\n\n<figure class=\"wp-block-image size-large\"><img loading=\"lazy\" decoding=\"async\" width=\"576\" height=\"1024\" src=\"https:\/\/lorcanerds.raumzeitlabor.de\/wp-content\/uploads\/2026\/02\/PXL_20250918_190528380-576x1024.jpg\" alt=\"\" class=\"wp-image-452\" srcset=\"https:\/\/lorcanerds.raumzeitlabor.de\/wp-content\/uploads\/2026\/02\/PXL_20250918_190528380-576x1024.jpg 576w, https:\/\/lorcanerds.raumzeitlabor.de\/wp-content\/uploads\/2026\/02\/PXL_20250918_190528380-169x300.jpg 169w, https:\/\/lorcanerds.raumzeitlabor.de\/wp-content\/uploads\/2026\/02\/PXL_20250918_190528380-768x1365.jpg 768w, https:\/\/lorcanerds.raumzeitlabor.de\/wp-content\/uploads\/2026\/02\/PXL_20250918_190528380-864x1536.jpg 864w, https:\/\/lorcanerds.raumzeitlabor.de\/wp-content\/uploads\/2026\/02\/PXL_20250918_190528380.jpg 1134w\" sizes=\"auto, (max-width: 576px) 100vw, 576px\" \/><\/figure>\n\n\n\n<figure class=\"wp-block-image size-large\"><img loading=\"lazy\" decoding=\"async\" width=\"576\" height=\"1024\" src=\"https:\/\/lorcanerds.raumzeitlabor.de\/wp-content\/uploads\/2026\/02\/PXL_20250821_172738671.MP_-576x1024.jpg\" alt=\"\" class=\"wp-image-448\" srcset=\"https:\/\/lorcanerds.raumzeitlabor.de\/wp-content\/uploads\/2026\/02\/PXL_20250821_172738671.MP_-576x1024.jpg 576w, https:\/\/lorcanerds.raumzeitlabor.de\/wp-content\/uploads\/2026\/02\/PXL_20250821_172738671.MP_-169x300.jpg 169w, https:\/\/lorcanerds.raumzeitlabor.de\/wp-content\/uploads\/2026\/02\/PXL_20250821_172738671.MP_-768x1365.jpg 768w, https:\/\/lorcanerds.raumzeitlabor.de\/wp-content\/uploads\/2026\/02\/PXL_20250821_172738671.MP_-864x1536.jpg 864w, https:\/\/lorcanerds.raumzeitlabor.de\/wp-content\/uploads\/2026\/02\/PXL_20250821_172738671.MP_.jpg 1134w\" sizes=\"auto, (max-width: 576px) 100vw, 576px\" \/><\/figure>\n\n\n\n<figure class=\"wp-block-image size-large\"><img loading=\"lazy\" decoding=\"async\" width=\"576\" height=\"1024\" src=\"https:\/\/lorcanerds.raumzeitlabor.de\/wp-content\/uploads\/2026\/02\/PXL_20250827_144620863-576x1024.jpg\" alt=\"\" class=\"wp-image-449\" srcset=\"https:\/\/lorcanerds.raumzeitlabor.de\/wp-content\/uploads\/2026\/02\/PXL_20250827_144620863-576x1024.jpg 576w, https:\/\/lorcanerds.raumzeitlabor.de\/wp-content\/uploads\/2026\/02\/PXL_20250827_144620863-169x300.jpg 169w, https:\/\/lorcanerds.raumzeitlabor.de\/wp-content\/uploads\/2026\/02\/PXL_20250827_144620863-768x1365.jpg 768w, https:\/\/lorcanerds.raumzeitlabor.de\/wp-content\/uploads\/2026\/02\/PXL_20250827_144620863-864x1536.jpg 864w, https:\/\/lorcanerds.raumzeitlabor.de\/wp-content\/uploads\/2026\/02\/PXL_20250827_144620863.jpg 1134w\" sizes=\"auto, (max-width: 576px) 100vw, 576px\" \/><\/figure>\n<\/div>\n\n\n\n<div class=\"wp-block-group alignwide is-layout-grid wp-container-core-group-is-layout-478b6e6b wp-block-group-is-layout-grid\">\n<figure class=\"wp-block-image size-large\"><img loading=\"lazy\" decoding=\"async\" width=\"1701\" height=\"1134\" src=\"https:\/\/lorcanerds.raumzeitlabor.de\/wp-content\/uploads\/2026\/02\/PXL_20250901_162404757.MP_-edited.jpg\" alt=\"\" class=\"wp-image-457\" srcset=\"https:\/\/lorcanerds.raumzeitlabor.de\/wp-content\/uploads\/2026\/02\/PXL_20250901_162404757.MP_-edited.jpg 1701w, https:\/\/lorcanerds.raumzeitlabor.de\/wp-content\/uploads\/2026\/02\/PXL_20250901_162404757.MP_-edited-300x200.jpg 300w, https:\/\/lorcanerds.raumzeitlabor.de\/wp-content\/uploads\/2026\/02\/PXL_20250901_162404757.MP_-edited-1024x683.jpg 1024w, https:\/\/lorcanerds.raumzeitlabor.de\/wp-content\/uploads\/2026\/02\/PXL_20250901_162404757.MP_-edited-768x512.jpg 768w, https:\/\/lorcanerds.raumzeitlabor.de\/wp-content\/uploads\/2026\/02\/PXL_20250901_162404757.MP_-edited-1536x1024.jpg 1536w\" sizes=\"auto, (max-width: 1701px) 100vw, 1701px\" \/><\/figure>\n\n\n\n<figure class=\"wp-block-image size-large\"><img loading=\"lazy\" decoding=\"async\" width=\"2040\" height=\"1360\" src=\"https:\/\/lorcanerds.raumzeitlabor.de\/wp-content\/uploads\/2026\/02\/PXL_20250827_192922681-edited.jpg\" alt=\"\" class=\"wp-image-456\" srcset=\"https:\/\/lorcanerds.raumzeitlabor.de\/wp-content\/uploads\/2026\/02\/PXL_20250827_192922681-edited.jpg 2040w, https:\/\/lorcanerds.raumzeitlabor.de\/wp-content\/uploads\/2026\/02\/PXL_20250827_192922681-edited-300x200.jpg 300w, https:\/\/lorcanerds.raumzeitlabor.de\/wp-content\/uploads\/2026\/02\/PXL_20250827_192922681-edited-1024x683.jpg 1024w, https:\/\/lorcanerds.raumzeitlabor.de\/wp-content\/uploads\/2026\/02\/PXL_20250827_192922681-edited-768x512.jpg 768w, https:\/\/lorcanerds.raumzeitlabor.de\/wp-content\/uploads\/2026\/02\/PXL_20250827_192922681-edited-1536x1024.jpg 1536w\" sizes=\"auto, (max-width: 2040px) 100vw, 2040px\" \/><\/figure>\n\n\n\n<figure class=\"wp-block-image size-large\"><img loading=\"lazy\" decoding=\"async\" width=\"2040\" height=\"1360\" src=\"https:\/\/lorcanerds.raumzeitlabor.de\/wp-content\/uploads\/2026\/02\/PXL_20250801_161517628-edited.jpg\" alt=\"\" class=\"wp-image-458\" srcset=\"https:\/\/lorcanerds.raumzeitlabor.de\/wp-content\/uploads\/2026\/02\/PXL_20250801_161517628-edited.jpg 2040w, https:\/\/lorcanerds.raumzeitlabor.de\/wp-content\/uploads\/2026\/02\/PXL_20250801_161517628-edited-300x200.jpg 300w, https:\/\/lorcanerds.raumzeitlabor.de\/wp-content\/uploads\/2026\/02\/PXL_20250801_161517628-edited-1024x683.jpg 1024w, https:\/\/lorcanerds.raumzeitlabor.de\/wp-content\/uploads\/2026\/02\/PXL_20250801_161517628-edited-768x512.jpg 768w, https:\/\/lorcanerds.raumzeitlabor.de\/wp-content\/uploads\/2026\/02\/PXL_20250801_161517628-edited-1536x1024.jpg 1536w\" sizes=\"auto, (max-width: 2040px) 100vw, 2040px\" \/><\/figure>\n\n\n\n<figure class=\"wp-block-image size-large\"><img loading=\"lazy\" decoding=\"async\" width=\"1701\" height=\"1134\" src=\"https:\/\/lorcanerds.raumzeitlabor.de\/wp-content\/uploads\/2026\/02\/PXL_20250728_190003762.MP_-edited.jpg\" alt=\"\" class=\"wp-image-459\" srcset=\"https:\/\/lorcanerds.raumzeitlabor.de\/wp-content\/uploads\/2026\/02\/PXL_20250728_190003762.MP_-edited.jpg 1701w, https:\/\/lorcanerds.raumzeitlabor.de\/wp-content\/uploads\/2026\/02\/PXL_20250728_190003762.MP_-edited-300x200.jpg 300w, https:\/\/lorcanerds.raumzeitlabor.de\/wp-content\/uploads\/2026\/02\/PXL_20250728_190003762.MP_-edited-1024x683.jpg 1024w, https:\/\/lorcanerds.raumzeitlabor.de\/wp-content\/uploads\/2026\/02\/PXL_20250728_190003762.MP_-edited-768x512.jpg 768w, https:\/\/lorcanerds.raumzeitlabor.de\/wp-content\/uploads\/2026\/02\/PXL_20250728_190003762.MP_-edited-1536x1024.jpg 1536w\" sizes=\"auto, (max-width: 1701px) 100vw, 1701px\" \/><\/figure>\n<\/div>\n","protected":false},"excerpt":{"rendered":"<p>Das bisher gr\u00f6\u00dfte Turnier der Lorcanerds fand am 21.09.2025 in der Kulturhalle Feudenheim statt. Wir konnten unglaubliche 50 Luminari davon \u00fcberzeugen, an unserem Fun-Turnier teilzunehmen. Auch dieses Mal standen unsere Lieblingsfrachises im Mittelpunkt des Turniers. Jede*r hatte die M\u00f6glichkeit, ein Deck zum eigenen Lieblingsfilm oder der Lieblingscharacter zu bauen und bei unserem Turnier zu spielen.\u00a0 [&hellip;]<\/p>\n","protected":false},"author":2,"featured_media":433,"parent":49,"menu_order":0,"comment_status":"closed","ping_status":"closed","template":"","meta":{"inline_featured_image":false,"footnotes":""},"class_list":["post-84","page","type-page","status-publish","has-post-thumbnail","hentry"],"_links":{"self":[{"href":"https:\/\/lorcanerds.raumzeitlabor.de\/index.php?rest_route=\/wp\/v2\/pages\/84","targetHints":{"allow":["GET"]}}],"collection":[{"href":"https:\/\/lorcanerds.raumzeitlabor.de\/index.php?rest_route=\/wp\/v2\/pages"}],"about":[{"href":"https:\/\/lorcanerds.raumzeitlabor.de\/index.php?rest_route=\/wp\/v2\/types\/page"}],"author":[{"embeddable":true,"href":"https:\/\/lorcanerds.raumzeitlabor.de\/index.php?rest_route=\/wp\/v2\/users\/2"}],"replies":[{"embeddable":true,"href":"https:\/\/lorcanerds.raumzeitlabor.de\/index.php?rest_route=%2Fwp%2Fv2%2Fcomments&post=84"}],"version-history":[{"count":82,"href":"https:\/\/lorcanerds.raumzeitlabor.de\/index.php?rest_route=\/wp\/v2\/pages\/84\/revisions"}],"predecessor-version":[{"id":510,"href":"https:\/\/lorcanerds.raumzeitlabor.de\/index.php?rest_route=\/wp\/v2\/pages\/84\/revisions\/510"}],"up":[{"embeddable":true,"href":"https:\/\/lorcanerds.raumzeitlabor.de\/index.php?rest_route=\/wp\/v2\/pages\/49"}],"wp:featuredmedia":[{"embeddable":true,"href":"https:\/\/lorcanerds.raumzeitlabor.de\/index.php?rest_route=\/wp\/v2\/media\/433"}],"wp:attachment":[{"href":"https:\/\/lorcanerds.raumzeitlabor.de\/index.php?rest_route=%2Fwp%2Fv2%2Fmedia&parent=84"}],"curies":[{"name":"wp","href":"https:\/\/api.w.org\/{rel}","templated":true}]}}