{"id":97,"date":"2025-04-15T10:31:44","date_gmt":"2025-04-15T08:31:44","guid":{"rendered":"https:\/\/lorcanerds.tabascoeye.de\/?page_id=97"},"modified":"2025-06-19T16:32:36","modified_gmt":"2025-06-19T14:32:36","slug":"der-anfang-erstes-lorcana-turnier-rzl","status":"publish","type":"page","link":"https:\/\/lorcanerds.raumzeitlabor.de\/?page_id=97","title":{"rendered":"Der Anfang \u2013 Erstes Lorcana Turnier @RZL"},"content":{"rendered":"<figure class=\"alignfull wp-block-post-featured-image\"><img loading=\"lazy\" decoding=\"async\" width=\"2560\" height=\"1211\" src=\"https:\/\/lorcanerds.raumzeitlabor.de\/wp-content\/uploads\/2025\/04\/20240318_220841-scaled.jpg\" class=\"attachment-post-thumbnail size-post-thumbnail wp-post-image\" alt=\"\" style=\"object-fit:cover;\" srcset=\"https:\/\/lorcanerds.raumzeitlabor.de\/wp-content\/uploads\/2025\/04\/20240318_220841-scaled.jpg 2560w, https:\/\/lorcanerds.raumzeitlabor.de\/wp-content\/uploads\/2025\/04\/20240318_220841-300x142.jpg 300w, https:\/\/lorcanerds.raumzeitlabor.de\/wp-content\/uploads\/2025\/04\/20240318_220841-1024x485.jpg 1024w, https:\/\/lorcanerds.raumzeitlabor.de\/wp-content\/uploads\/2025\/04\/20240318_220841-768x363.jpg 768w, https:\/\/lorcanerds.raumzeitlabor.de\/wp-content\/uploads\/2025\/04\/20240318_220841-1536x727.jpg 1536w, https:\/\/lorcanerds.raumzeitlabor.de\/wp-content\/uploads\/2025\/04\/20240318_220841-2048x969.jpg 2048w\" sizes=\"auto, (max-width: 2560px) 100vw, 2560px\" \/><\/figure>\n\n\n<p>\u201eEinmal ein eigenes Lorcana-Turnier veranstalten\u201c. Das war unsere Idee Anfang 2024, weshalb wir am 06. April 2024 in unsere R\u00e4umlichkeiten einluden. Neben dem eigentlichen Turnier boten wir einen Crash-Kurs f\u00fcr Neulinge an, der dankend angenommen wurde. Um das Spiel f\u00fcr jede und jeden zug\u00e4nglich zu machen, auch ohne eigene Karten, wurden Leih-Decks f\u00fcr das Turnier bereitgestellt.<\/p>\n\n\n\n<p>Neben dem Turnier fand selbstverst\u00e4ndlich eine F\u00fchrung durch unseren Make*- und Hack*space statt und auch f\u00fcr das leibliche Wohl der Teilnehmer*innen wurde gesorgt.<\/p>\n\n\n\n<h2 class=\"wp-block-heading\">Turnier-Regeln<\/h2>\n\n\n\n<p>Das Turnier wurde \u00fcber <a href=\"https:\/\/melee.gg\/Tournament\/View\/79256\" data-type=\"link\" data-id=\"https:\/\/melee.gg\/Tournament\/View\/79256\"><strong>melee.gg<\/strong> <\/a>getrackt.<br>Gespielt wurde das Turnier im BO3-Schweizer System \u00fcber 4 Runden.<br>Die Deckbauregeln entsprachen den offizielen Regeln von Disney Lorcana. <\/p>\n\n\n\n<h2 class=\"wp-block-heading\">Verpflegung<\/h2>\n\n\n\n<ul class=\"wp-block-list\">\n<li>Tatziatella-Kekse (Doppel-Tatzenkekse mit Nusscreme-F\u00fcllung)<\/li>\n\n\n\n<li>Aladdins Agrabah-Salat (Couscous-Salat mit Gem\u00fcse)<\/li>\n\n\n\n<li>Tianas Gumbo<\/li>\n\n\n\n<li>K\u00fcrbissuppe \u00e0 la Cendrillon<\/li>\n\n\n\n<li>The Grey Stuff (Mascarpone-Creme mit Oreo-Keksbr\u00f6seln und Glitzerstreuseln)<\/li>\n\n\n\n<li>Kronks Spinatschnecken<\/li>\n<\/ul>\n\n\n\n<h2 class=\"wp-block-heading\">Preispool<\/h2>\n\n\n\n<h5 class=\"wp-block-heading\">1 Platz: DIY Lorcana Troph\u00e4he<\/h5>\n\n\n\n<figure class=\"wp-block-image aligncenter size-large is-resized\"><img loading=\"lazy\" decoding=\"async\" width=\"563\" height=\"1024\" src=\"https:\/\/lorcanerds.raumzeitlabor.de\/wp-content\/uploads\/2025\/04\/20240405_194356-563x1024.jpg\" alt=\"\" class=\"wp-image-224\" style=\"width:261px;height:auto\" srcset=\"https:\/\/lorcanerds.raumzeitlabor.de\/wp-content\/uploads\/2025\/04\/20240405_194356-563x1024.jpg 563w, https:\/\/lorcanerds.raumzeitlabor.de\/wp-content\/uploads\/2025\/04\/20240405_194356-165x300.jpg 165w, https:\/\/lorcanerds.raumzeitlabor.de\/wp-content\/uploads\/2025\/04\/20240405_194356-768x1398.jpg 768w, https:\/\/lorcanerds.raumzeitlabor.de\/wp-content\/uploads\/2025\/04\/20240405_194356-844x1536.jpg 844w, https:\/\/lorcanerds.raumzeitlabor.de\/wp-content\/uploads\/2025\/04\/20240405_194356-1125x2048.jpg 1125w, https:\/\/lorcanerds.raumzeitlabor.de\/wp-content\/uploads\/2025\/04\/20240405_194356-scaled.jpg 1406w\" sizes=\"auto, (max-width: 563px) 100vw, 563px\" \/><\/figure>\n\n\n\n<h2 class=\"wp-block-heading\">R\u00fcckblick in Bildern<\/h2>\n\n\n\n<figure class=\"wp-block-gallery has-nested-images columns-default is-cropped wp-block-gallery-1 is-layout-flex wp-block-gallery-is-layout-flex\">\n<figure class=\"wp-block-image size-large\"><img loading=\"lazy\" decoding=\"async\" width=\"485\" height=\"1024\" data-id=\"231\" src=\"https:\/\/lorcanerds.raumzeitlabor.de\/wp-content\/uploads\/2025\/04\/20240405_194337-485x1024.jpg\" alt=\"\" class=\"wp-image-231\" srcset=\"https:\/\/lorcanerds.raumzeitlabor.de\/wp-content\/uploads\/2025\/04\/20240405_194337-485x1024.jpg 485w, https:\/\/lorcanerds.raumzeitlabor.de\/wp-content\/uploads\/2025\/04\/20240405_194337-142x300.jpg 142w, https:\/\/lorcanerds.raumzeitlabor.de\/wp-content\/uploads\/2025\/04\/20240405_194337-768x1623.jpg 768w, https:\/\/lorcanerds.raumzeitlabor.de\/wp-content\/uploads\/2025\/04\/20240405_194337-727x1536.jpg 727w, https:\/\/lorcanerds.raumzeitlabor.de\/wp-content\/uploads\/2025\/04\/20240405_194337-969x2048.jpg 969w, https:\/\/lorcanerds.raumzeitlabor.de\/wp-content\/uploads\/2025\/04\/20240405_194337-scaled.jpg 1211w\" sizes=\"auto, (max-width: 485px) 100vw, 485px\" \/><\/figure>\n\n\n\n<figure class=\"wp-block-image size-large\"><img loading=\"lazy\" decoding=\"async\" width=\"629\" height=\"1024\" data-id=\"230\" src=\"https:\/\/lorcanerds.raumzeitlabor.de\/wp-content\/uploads\/2025\/04\/20240405_2241082-629x1024.jpg\" alt=\"\" class=\"wp-image-230\" srcset=\"https:\/\/lorcanerds.raumzeitlabor.de\/wp-content\/uploads\/2025\/04\/20240405_2241082-629x1024.jpg 629w, https:\/\/lorcanerds.raumzeitlabor.de\/wp-content\/uploads\/2025\/04\/20240405_2241082-184x300.jpg 184w, https:\/\/lorcanerds.raumzeitlabor.de\/wp-content\/uploads\/2025\/04\/20240405_2241082-768x1250.jpg 768w, https:\/\/lorcanerds.raumzeitlabor.de\/wp-content\/uploads\/2025\/04\/20240405_2241082-944x1536.jpg 944w, https:\/\/lorcanerds.raumzeitlabor.de\/wp-content\/uploads\/2025\/04\/20240405_2241082-1258x2048.jpg 1258w, https:\/\/lorcanerds.raumzeitlabor.de\/wp-content\/uploads\/2025\/04\/20240405_2241082-scaled.jpg 1573w\" sizes=\"auto, (max-width: 629px) 100vw, 629px\" \/><\/figure>\n\n\n\n<figure class=\"wp-block-image size-large\"><img loading=\"lazy\" decoding=\"async\" width=\"485\" height=\"1024\" data-id=\"229\" src=\"https:\/\/lorcanerds.raumzeitlabor.de\/wp-content\/uploads\/2025\/04\/20240406_142020-485x1024.jpg\" alt=\"\" class=\"wp-image-229\" srcset=\"https:\/\/lorcanerds.raumzeitlabor.de\/wp-content\/uploads\/2025\/04\/20240406_142020-485x1024.jpg 485w, https:\/\/lorcanerds.raumzeitlabor.de\/wp-content\/uploads\/2025\/04\/20240406_142020-142x300.jpg 142w, https:\/\/lorcanerds.raumzeitlabor.de\/wp-content\/uploads\/2025\/04\/20240406_142020-768x1623.jpg 768w, https:\/\/lorcanerds.raumzeitlabor.de\/wp-content\/uploads\/2025\/04\/20240406_142020-727x1536.jpg 727w, https:\/\/lorcanerds.raumzeitlabor.de\/wp-content\/uploads\/2025\/04\/20240406_142020-969x2048.jpg 969w, https:\/\/lorcanerds.raumzeitlabor.de\/wp-content\/uploads\/2025\/04\/20240406_142020-scaled.jpg 1211w\" sizes=\"auto, (max-width: 485px) 100vw, 485px\" \/><\/figure>\n<\/figure>\n\n\n\n<figure class=\"wp-block-gallery has-nested-images columns-default is-cropped wp-block-gallery-2 is-layout-flex wp-block-gallery-is-layout-flex\">\n<figure class=\"wp-block-image size-large\"><img loading=\"lazy\" decoding=\"async\" width=\"656\" height=\"1024\" data-id=\"232\" src=\"https:\/\/lorcanerds.raumzeitlabor.de\/wp-content\/uploads\/2025\/04\/20240406_173630-656x1024.jpg\" alt=\"\" class=\"wp-image-232\" srcset=\"https:\/\/lorcanerds.raumzeitlabor.de\/wp-content\/uploads\/2025\/04\/20240406_173630-656x1024.jpg 656w, https:\/\/lorcanerds.raumzeitlabor.de\/wp-content\/uploads\/2025\/04\/20240406_173630-192x300.jpg 192w, https:\/\/lorcanerds.raumzeitlabor.de\/wp-content\/uploads\/2025\/04\/20240406_173630-768x1198.jpg 768w, https:\/\/lorcanerds.raumzeitlabor.de\/wp-content\/uploads\/2025\/04\/20240406_173630-985x1536.jpg 985w, https:\/\/lorcanerds.raumzeitlabor.de\/wp-content\/uploads\/2025\/04\/20240406_173630-1313x2048.jpg 1313w, https:\/\/lorcanerds.raumzeitlabor.de\/wp-content\/uploads\/2025\/04\/20240406_173630-scaled.jpg 1641w\" sizes=\"auto, (max-width: 656px) 100vw, 656px\" \/><\/figure>\n\n\n\n<figure class=\"wp-block-image size-large\"><img loading=\"lazy\" decoding=\"async\" width=\"817\" height=\"1024\" data-id=\"226\" src=\"https:\/\/lorcanerds.raumzeitlabor.de\/wp-content\/uploads\/2025\/04\/20240406_173619-817x1024.jpg\" alt=\"\" class=\"wp-image-226\" srcset=\"https:\/\/lorcanerds.raumzeitlabor.de\/wp-content\/uploads\/2025\/04\/20240406_173619-817x1024.jpg 817w, https:\/\/lorcanerds.raumzeitlabor.de\/wp-content\/uploads\/2025\/04\/20240406_173619-239x300.jpg 239w, https:\/\/lorcanerds.raumzeitlabor.de\/wp-content\/uploads\/2025\/04\/20240406_173619-768x963.jpg 768w, https:\/\/lorcanerds.raumzeitlabor.de\/wp-content\/uploads\/2025\/04\/20240406_173619-1225x1536.jpg 1225w, https:\/\/lorcanerds.raumzeitlabor.de\/wp-content\/uploads\/2025\/04\/20240406_173619-1633x2048.jpg 1633w, https:\/\/lorcanerds.raumzeitlabor.de\/wp-content\/uploads\/2025\/04\/20240406_173619.jpg 1789w\" sizes=\"auto, (max-width: 817px) 100vw, 817px\" \/><\/figure>\n<\/figure>\n\n\n\n<figure class=\"wp-block-gallery has-nested-images columns-default is-cropped wp-block-gallery-3 is-layout-flex wp-block-gallery-is-layout-flex\">\n<figure class=\"wp-block-image size-large\"><img loading=\"lazy\" decoding=\"async\" width=\"485\" height=\"1024\" data-id=\"234\" src=\"https:\/\/lorcanerds.raumzeitlabor.de\/wp-content\/uploads\/2025\/04\/20240406_142520-485x1024.jpg\" alt=\"\" class=\"wp-image-234\" srcset=\"https:\/\/lorcanerds.raumzeitlabor.de\/wp-content\/uploads\/2025\/04\/20240406_142520-485x1024.jpg 485w, https:\/\/lorcanerds.raumzeitlabor.de\/wp-content\/uploads\/2025\/04\/20240406_142520-142x300.jpg 142w, https:\/\/lorcanerds.raumzeitlabor.de\/wp-content\/uploads\/2025\/04\/20240406_142520-768x1623.jpg 768w, https:\/\/lorcanerds.raumzeitlabor.de\/wp-content\/uploads\/2025\/04\/20240406_142520-727x1536.jpg 727w, https:\/\/lorcanerds.raumzeitlabor.de\/wp-content\/uploads\/2025\/04\/20240406_142520-969x2048.jpg 969w, https:\/\/lorcanerds.raumzeitlabor.de\/wp-content\/uploads\/2025\/04\/20240406_142520-scaled.jpg 1211w\" sizes=\"auto, (max-width: 485px) 100vw, 485px\" \/><\/figure>\n\n\n\n<figure class=\"wp-block-image size-large\"><img loading=\"lazy\" decoding=\"async\" width=\"485\" height=\"1024\" data-id=\"233\" src=\"https:\/\/lorcanerds.raumzeitlabor.de\/wp-content\/uploads\/2025\/04\/20240406_172727-485x1024.jpg\" alt=\"\" class=\"wp-image-233\" srcset=\"https:\/\/lorcanerds.raumzeitlabor.de\/wp-content\/uploads\/2025\/04\/20240406_172727-485x1024.jpg 485w, https:\/\/lorcanerds.raumzeitlabor.de\/wp-content\/uploads\/2025\/04\/20240406_172727-142x300.jpg 142w, https:\/\/lorcanerds.raumzeitlabor.de\/wp-content\/uploads\/2025\/04\/20240406_172727-768x1623.jpg 768w, https:\/\/lorcanerds.raumzeitlabor.de\/wp-content\/uploads\/2025\/04\/20240406_172727-727x1536.jpg 727w, https:\/\/lorcanerds.raumzeitlabor.de\/wp-content\/uploads\/2025\/04\/20240406_172727-969x2048.jpg 969w, https:\/\/lorcanerds.raumzeitlabor.de\/wp-content\/uploads\/2025\/04\/20240406_172727-scaled.jpg 1211w\" sizes=\"auto, (max-width: 485px) 100vw, 485px\" \/><\/figure>\n\n\n\n<figure class=\"wp-block-image size-large\"><img loading=\"lazy\" decoding=\"async\" width=\"1024\" height=\"1010\" data-id=\"228\" src=\"https:\/\/lorcanerds.raumzeitlabor.de\/wp-content\/uploads\/2025\/04\/20240324_205436-1024x1010.jpg\" alt=\"\" class=\"wp-image-228\" srcset=\"https:\/\/lorcanerds.raumzeitlabor.de\/wp-content\/uploads\/2025\/04\/20240324_205436-1024x1010.jpg 1024w, https:\/\/lorcanerds.raumzeitlabor.de\/wp-content\/uploads\/2025\/04\/20240324_205436-300x296.jpg 300w, https:\/\/lorcanerds.raumzeitlabor.de\/wp-content\/uploads\/2025\/04\/20240324_205436-768x758.jpg 768w, https:\/\/lorcanerds.raumzeitlabor.de\/wp-content\/uploads\/2025\/04\/20240324_205436-1536x1515.jpg 1536w, https:\/\/lorcanerds.raumzeitlabor.de\/wp-content\/uploads\/2025\/04\/20240324_205436.jpg 1908w\" sizes=\"auto, (max-width: 1024px) 100vw, 1024px\" \/><\/figure>\n<\/figure>\n\n\n\n<p><\/p>\n","protected":false},"excerpt":{"rendered":"<p>\u201eEinmal ein eigenes Lorcana-Turnier veranstalten\u201c. Das war unsere Idee Anfang 2024, weshalb wir am 06. April 2024 in unsere R\u00e4umlichkeiten einluden. Neben dem eigentlichen Turnier boten wir einen Crash-Kurs f\u00fcr Neulinge an, der dankend angenommen wurde. Um das Spiel f\u00fcr jede und jeden zug\u00e4nglich zu machen, auch ohne eigene Karten, wurden Leih-Decks f\u00fcr das Turnier [&hellip;]<\/p>\n","protected":false},"author":2,"featured_media":238,"parent":49,"menu_order":0,"comment_status":"closed","ping_status":"closed","template":"","meta":{"inline_featured_image":false,"footnotes":""},"class_list":["post-97","page","type-page","status-publish","has-post-thumbnail","hentry"],"_links":{"self":[{"href":"https:\/\/lorcanerds.raumzeitlabor.de\/index.php?rest_route=\/wp\/v2\/pages\/97","targetHints":{"allow":["GET"]}}],"collection":[{"href":"https:\/\/lorcanerds.raumzeitlabor.de\/index.php?rest_route=\/wp\/v2\/pages"}],"about":[{"href":"https:\/\/lorcanerds.raumzeitlabor.de\/index.php?rest_route=\/wp\/v2\/types\/page"}],"author":[{"embeddable":true,"href":"https:\/\/lorcanerds.raumzeitlabor.de\/index.php?rest_route=\/wp\/v2\/users\/2"}],"replies":[{"embeddable":true,"href":"https:\/\/lorcanerds.raumzeitlabor.de\/index.php?rest_route=%2Fwp%2Fv2%2Fcomments&post=97"}],"version-history":[{"count":6,"href":"https:\/\/lorcanerds.raumzeitlabor.de\/index.php?rest_route=\/wp\/v2\/pages\/97\/revisions"}],"predecessor-version":[{"id":340,"href":"https:\/\/lorcanerds.raumzeitlabor.de\/index.php?rest_route=\/wp\/v2\/pages\/97\/revisions\/340"}],"up":[{"embeddable":true,"href":"https:\/\/lorcanerds.raumzeitlabor.de\/index.php?rest_route=\/wp\/v2\/pages\/49"}],"wp:featuredmedia":[{"embeddable":true,"href":"https:\/\/lorcanerds.raumzeitlabor.de\/index.php?rest_route=\/wp\/v2\/media\/238"}],"wp:attachment":[{"href":"https:\/\/lorcanerds.raumzeitlabor.de\/index.php?rest_route=%2Fwp%2Fv2%2Fmedia&parent=97"}],"curies":[{"name":"wp","href":"https:\/\/api.w.org\/{rel}","templated":true}]}}